{"id":497,"date":"2025-09-20T12:35:29","date_gmt":"2025-09-20T12:35:29","guid":{"rendered":"https:\/\/novibetcasinoreview.com\/?page_id=497"},"modified":"2025-12-03T18:28:02","modified_gmt":"2025-12-03T18:28:02","slug":"contact","status":"publish","type":"page","link":"https:\/\/plcasinototal.com\/pl\/contact\/","title":{"rendered":"Kontakt"},"content":{"rendered":"\n<p>Zapraszamy do <a href=\"http:\/\/plcasinototal.com\/\">Total Casino PL<\/a><\/p>\n\n\n\n<h2 class=\"wp-block-heading\">Wsparcie<\/h2>\n\n\n\n<p>Napisz do nas na adres: press@plcasinototal.com<\/p>\n\n\n\n<h2 class=\"wp-block-heading\">Partnerzy<\/h2>\n\n\n\n<p>Napisz do nas na adres: press@plcasinototal.com<\/p>\n\n\n\n<h2 class=\"wp-block-heading\">Prasa<\/h2>\n\n\n\n<p>Napisz do nas na adres: press@plcasinototal.com<\/p>\n\n\n\n<p>Alternatywnie mo\u017cesz skontaktowa\u0107 si\u0119 z nami za pomoc\u0105 poni\u017cszego formularza:<\/p>\n\n\n\n<div class=\"wp-block-contact-form-7-contact-form-selector\">\n<div class=\"wpcf7 no-js\" id=\"wpcf7-f380-o1\" lang=\"en-US\" dir=\"ltr\" data-wpcf7-id=\"380\">\n<div class=\"screen-reader-response\"><p role=\"status\" aria-live=\"polite\" aria-atomic=\"true\"><\/p> <ul><\/ul><\/div>\n<form action=\"\/pl\/wp-json\/wp\/v2\/pages\/497#wpcf7-f380-o1\" method=\"post\" class=\"wpcf7-form init\" aria-label=\"Contact form\" novalidate=\"novalidate\" data-status=\"init\">\n<div style=\"display: none;\">\n<input type=\"hidden\" name=\"_wpcf7\" value=\"380\" \/>\n<input type=\"hidden\" name=\"_wpcf7_version\" value=\"6.0\" \/>\n<input type=\"hidden\" name=\"_wpcf7_locale\" value=\"en_US\" \/>\n<input type=\"hidden\" name=\"_wpcf7_unit_tag\" value=\"wpcf7-f380-o1\" \/>\n<input type=\"hidden\" name=\"_wpcf7_container_post\" value=\"0\" \/>\n<input type=\"hidden\" name=\"_wpcf7_posted_data_hash\" value=\"\" \/>\n<\/div>\n<p><label> Imi\u0119 i nazwisko<br \/>\n<span class=\"wpcf7-form-control-wrap\" data-name=\"your-name\"><input size=\"40\" maxlength=\"400\" class=\"wpcf7-form-control wpcf7-text wpcf7-validates-as-required\" autocomplete=\"name\" aria-required=\"true\" aria-invalid=\"false\" value=\"\" type=\"text\" name=\"your-name\" \/><\/span> <\/label>\n<\/p>\n<p><label> Tw\u00f3j e-mail<br \/>\n<span class=\"wpcf7-form-control-wrap\" data-name=\"your-email\"><input size=\"40\" maxlength=\"400\" class=\"wpcf7-form-control wpcf7-email wpcf7-validates-as-required wpcf7-text wpcf7-validates-as-email\" autocomplete=\"email\" aria-required=\"true\" aria-invalid=\"false\" value=\"\" type=\"email\" name=\"your-email\" \/><\/span> <\/label>\n<\/p>\n<p><label> Przedmiot<br \/>\n<span class=\"wpcf7-form-control-wrap\" data-name=\"your-subject\"><input size=\"40\" maxlength=\"400\" class=\"wpcf7-form-control wpcf7-text wpcf7-validates-as-required\" aria-required=\"true\" aria-invalid=\"false\" value=\"\" type=\"text\" name=\"your-subject\" \/><\/span> <\/label>\n<\/p>\n<p><label> Twoja wiadomo\u015b\u0107 (opcjonalnie)<br \/>\n<span class=\"wpcf7-form-control-wrap\" data-name=\"your-message\"><textarea cols=\"40\" rows=\"10\" maxlength=\"2000\" class=\"wpcf7-form-control wpcf7-textarea\" aria-invalid=\"false\" name=\"your-message\"><\/textarea><\/span> <\/label>\n<\/p>\n<p><input class=\"wpcf7-form-control wpcf7-submit has-spinner\" type=\"submit\" value=\"Submit\" \/>\n<\/p><div class=\"wpcf7-response-output\" aria-hidden=\"true\"><\/div>\n<\/form>\n<\/div>\n<\/div>\n\n\n\n<center><iframe src=\"https:\/\/www.google.com\/maps\/embed?pb=!1m18!1m12!1m3!1d2442.1499042006058!2d20.994599576935233!3d52.258822855533225!2m3!1f0!2f0!3f0!3m2!1i1024!2i768!4f13.1!3m3!1m2!1s0x471ecc7590db5055%3A0x2b4dedb1687a413e!2sZygmunta%20S%C5%82omi%C5%84skiego%204%2C%2000-204%20Warszawa%2C%20Polska!5e0!3m2!1spl!2sru!4v1763146375344!5m2!1spl!2sru\" width=\"600\" height=\"450\" style=\"border:0;\" allowfullscreen=\"\" loading=\"lazy\" referrerpolicy=\"no-referrer-when-downgrade\"><\/iframe><center>\n\n\n\n<p><\/p>\n","protected":false},"excerpt":{"rendered":"<p>Zapraszamy do Total Casino PL Wsparcie Napisz do nas na adres: press@plcasinototal.com Partnerzy Napisz do nas na adres: press@plcasinototal.com Prasa Napisz do nas na adres: press@plcasinototal.com Alternatywnie mo\u017cesz skontaktowa\u0107 si\u0119 z nami za pomoc\u0105 poni\u017cszego formularza:<\/p>\n","protected":false},"author":1,"featured_media":0,"parent":0,"menu_order":0,"comment_status":"closed","ping_status":"closed","template":"page-no-sidebar.php","meta":{"footnotes":""},"class_list":["post-497","page","type-page","status-publish","hentry"],"yoast_head":"<!-- This site is optimized with the Yoast SEO plugin v23.9 - https:\/\/yoast.com\/wordpress\/plugins\/seo\/ -->\n<title>Kontakt - TOTAL Casino<\/title>\n<meta name=\"description\" content=\"Skontaktuj si\u0119 z obs\u0142ug\u0105 Total Casino \u2013 pomoc 24\/7, szybkie wsparcie dla graczy online.\" \/>\n<meta name=\"robots\" content=\"index, follow, max-snippet:-1, max-image-preview:large, max-video-preview:-1\" \/>\n<link rel=\"canonical\" href=\"https:\/\/plcasinototal.com\/pl\/contact\/\" \/>\n<meta property=\"og:locale\" content=\"pl_PL\" \/>\n<meta property=\"og:type\" content=\"article\" \/>\n<meta property=\"og:title\" content=\"Kontakt - TOTAL Casino\" \/>\n<meta property=\"og:description\" content=\"Skontaktuj si\u0119 z obs\u0142ug\u0105 Total Casino \u2013 pomoc 24\/7, szybkie wsparcie dla graczy online.\" \/>\n<meta property=\"og:url\" content=\"https:\/\/plcasinototal.com\/pl\/contact\/\" \/>\n<meta property=\"og:site_name\" content=\"TOTAL Casino\" \/>\n<meta property=\"article:modified_time\" content=\"2025-12-03T18:28:02+00:00\" \/>\n<meta name=\"twitter:card\" content=\"summary_large_image\" \/>\n<meta name=\"twitter:label1\" content=\"Szacowany czas czytania\" \/>\n\t<meta name=\"twitter:data1\" content=\"1 minuta\" \/>\n<script type=\"application\/ld+json\" class=\"yoast-schema-graph\">{\"@context\":\"https:\/\/schema.org\",\"@graph\":[{\"@type\":\"WebPage\",\"@id\":\"https:\/\/plcasinototal.com\/pl\/contact\/\",\"url\":\"https:\/\/plcasinototal.com\/pl\/contact\/\",\"name\":\"Kontakt - TOTAL Casino\",\"isPartOf\":{\"@id\":\"https:\/\/plcasinototal.com\/pl\/#website\"},\"datePublished\":\"2025-09-20T12:35:29+00:00\",\"dateModified\":\"2025-12-03T18:28:02+00:00\",\"description\":\"Skontaktuj si\u0119 z obs\u0142ug\u0105 Total Casino \u2013 pomoc 24\/7, szybkie wsparcie dla graczy online.\",\"breadcrumb\":{\"@id\":\"https:\/\/plcasinototal.com\/pl\/contact\/#breadcrumb\"},\"inLanguage\":\"pl-PL\",\"potentialAction\":[{\"@type\":\"ReadAction\",\"target\":[\"https:\/\/plcasinototal.com\/pl\/contact\/\"]}]},{\"@type\":\"BreadcrumbList\",\"@id\":\"https:\/\/plcasinototal.com\/pl\/contact\/#breadcrumb\",\"itemListElement\":[{\"@type\":\"ListItem\",\"position\":1,\"name\":\"Home\",\"item\":\"https:\/\/plcasinototal.com\/pl\/\"},{\"@type\":\"ListItem\",\"position\":2,\"name\":\"Kontakt\"}]},{\"@type\":\"WebSite\",\"@id\":\"https:\/\/plcasinototal.com\/pl\/#website\",\"url\":\"https:\/\/plcasinototal.com\/pl\/\",\"name\":\"TOTAL Casino\",\"description\":\"\",\"publisher\":{\"@id\":\"https:\/\/plcasinototal.com\/pl\/#organization\"},\"potentialAction\":[{\"@type\":\"SearchAction\",\"target\":{\"@type\":\"EntryPoint\",\"urlTemplate\":\"https:\/\/plcasinototal.com\/pl\/?s={search_term_string}\"},\"query-input\":{\"@type\":\"PropertyValueSpecification\",\"valueRequired\":true,\"valueName\":\"search_term_string\"}}],\"inLanguage\":\"pl-PL\"},{\"@type\":\"Organization\",\"@id\":\"https:\/\/plcasinototal.com\/pl\/#organization\",\"name\":\"TOTAL Casino\",\"url\":\"https:\/\/plcasinototal.com\/pl\/\",\"logo\":{\"@type\":\"ImageObject\",\"inLanguage\":\"pl-PL\",\"@id\":\"https:\/\/plcasinototal.com\/pl\/#\/schema\/logo\/image\/\",\"url\":\"https:\/\/plcasinototal.com\/pl\/wp-content\/uploads\/2022\/11\/cropped-BCO.9f392c50-a434-49de-aa79-ac403d116731.webp\",\"contentUrl\":\"https:\/\/plcasinototal.com\/pl\/wp-content\/uploads\/2022\/11\/cropped-BCO.9f392c50-a434-49de-aa79-ac403d116731.webp\",\"width\":1024,\"height\":597,\"caption\":\"TOTAL Casino\"},\"image\":{\"@id\":\"https:\/\/plcasinototal.com\/pl\/#\/schema\/logo\/image\/\"}}]}<\/script>\n<!-- \/ Yoast SEO plugin. -->","yoast_head_json":{"title":"Kontakt - TOTAL Casino","description":"Skontaktuj si\u0119 z obs\u0142ug\u0105 Total Casino \u2013 pomoc 24\/7, szybkie wsparcie dla graczy online.","robots":{"index":"index","follow":"follow","max-snippet":"max-snippet:-1","max-image-preview":"max-image-preview:large","max-video-preview":"max-video-preview:-1"},"canonical":"https:\/\/plcasinototal.com\/pl\/contact\/","og_locale":"pl_PL","og_type":"article","og_title":"Kontakt - TOTAL Casino","og_description":"Skontaktuj si\u0119 z obs\u0142ug\u0105 Total Casino \u2013 pomoc 24\/7, szybkie wsparcie dla graczy online.","og_url":"https:\/\/plcasinototal.com\/pl\/contact\/","og_site_name":"TOTAL Casino","article_modified_time":"2025-12-03T18:28:02+00:00","twitter_card":"summary_large_image","twitter_misc":{"Szacowany czas czytania":"1 minuta"},"schema":{"@context":"https:\/\/schema.org","@graph":[{"@type":"WebPage","@id":"https:\/\/plcasinototal.com\/pl\/contact\/","url":"https:\/\/plcasinototal.com\/pl\/contact\/","name":"Kontakt - TOTAL Casino","isPartOf":{"@id":"https:\/\/plcasinototal.com\/pl\/#website"},"datePublished":"2025-09-20T12:35:29+00:00","dateModified":"2025-12-03T18:28:02+00:00","description":"Skontaktuj si\u0119 z obs\u0142ug\u0105 Total Casino \u2013 pomoc 24\/7, szybkie wsparcie dla graczy online.","breadcrumb":{"@id":"https:\/\/plcasinototal.com\/pl\/contact\/#breadcrumb"},"inLanguage":"pl-PL","potentialAction":[{"@type":"ReadAction","target":["https:\/\/plcasinototal.com\/pl\/contact\/"]}]},{"@type":"BreadcrumbList","@id":"https:\/\/plcasinototal.com\/pl\/contact\/#breadcrumb","itemListElement":[{"@type":"ListItem","position":1,"name":"Home","item":"https:\/\/plcasinototal.com\/pl\/"},{"@type":"ListItem","position":2,"name":"Kontakt"}]},{"@type":"WebSite","@id":"https:\/\/plcasinototal.com\/pl\/#website","url":"https:\/\/plcasinototal.com\/pl\/","name":"TOTAL Casino","description":"","publisher":{"@id":"https:\/\/plcasinototal.com\/pl\/#organization"},"potentialAction":[{"@type":"SearchAction","target":{"@type":"EntryPoint","urlTemplate":"https:\/\/plcasinototal.com\/pl\/?s={search_term_string}"},"query-input":{"@type":"PropertyValueSpecification","valueRequired":true,"valueName":"search_term_string"}}],"inLanguage":"pl-PL"},{"@type":"Organization","@id":"https:\/\/plcasinototal.com\/pl\/#organization","name":"TOTAL Casino","url":"https:\/\/plcasinototal.com\/pl\/","logo":{"@type":"ImageObject","inLanguage":"pl-PL","@id":"https:\/\/plcasinototal.com\/pl\/#\/schema\/logo\/image\/","url":"https:\/\/plcasinototal.com\/pl\/wp-content\/uploads\/2022\/11\/cropped-BCO.9f392c50-a434-49de-aa79-ac403d116731.webp","contentUrl":"https:\/\/plcasinototal.com\/pl\/wp-content\/uploads\/2022\/11\/cropped-BCO.9f392c50-a434-49de-aa79-ac403d116731.webp","width":1024,"height":597,"caption":"TOTAL Casino"},"image":{"@id":"https:\/\/plcasinototal.com\/pl\/#\/schema\/logo\/image\/"}}]}},"_links":{"self":[{"href":"https:\/\/plcasinototal.com\/pl\/wp-json\/wp\/v2\/pages\/497","targetHints":{"allow":["GET"]}}],"collection":[{"href":"https:\/\/plcasinototal.com\/pl\/wp-json\/wp\/v2\/pages"}],"about":[{"href":"https:\/\/plcasinototal.com\/pl\/wp-json\/wp\/v2\/types\/page"}],"author":[{"embeddable":true,"href":"https:\/\/plcasinototal.com\/pl\/wp-json\/wp\/v2\/users\/1"}],"replies":[{"embeddable":true,"href":"https:\/\/plcasinototal.com\/pl\/wp-json\/wp\/v2\/comments?post=497"}],"version-history":[{"count":3,"href":"https:\/\/plcasinototal.com\/pl\/wp-json\/wp\/v2\/pages\/497\/revisions"}],"predecessor-version":[{"id":667,"href":"https:\/\/plcasinototal.com\/pl\/wp-json\/wp\/v2\/pages\/497\/revisions\/667"}],"wp:attachment":[{"href":"https:\/\/plcasinototal.com\/pl\/wp-json\/wp\/v2\/media?parent=497"}],"curies":[{"name":"wp","href":"https:\/\/api.w.org\/{rel}","templated":true}]}}