{"id":499,"date":"2025-09-20T12:36:19","date_gmt":"2025-09-20T12:36:19","guid":{"rendered":"https:\/\/novibetcasinoreview.com\/?page_id=499"},"modified":"2025-11-27T11:08:59","modified_gmt":"2025-11-27T11:08:59","slug":"gra-odpowiedzialna","status":"publish","type":"page","link":"https:\/\/plcasinototal.com\/pl\/gra-odpowiedzialna\/","title":{"rendered":"Gra Odpowiedzialna"},"content":{"rendered":"\n<!DOCTYPE html>\n<html lang=\"pl\">\n<head>\n  <meta charset=\"utf-8\" \/>\n  <meta name=\"viewport\" content=\"width=device-width, initial-scale=1\" \/>\n  <title>Gra Odpowiedzialna | Total casino<\/title>\n  <meta name=\"description\" content=\"Polityka Gry Odpowiedzialnej Total casino \u2013 dbamy o Twoje bezpiecze\u0144stwo i zdrowe podej\u015bcie do gier hazardowych.\" \/>\n  <style>\n    html,body{\n      margin:0;\n      padding:0;\n      font:16px\/1.6 system-ui,-apple-system,Segoe UI,Roboto,Ubuntu,Cantarell,Noto Sans,Helvetica,Arial,\"Apple Color Emoji\",\"Segoe UI Emoji\";\n    }\n\n    main{max-width:900px;margin:0 auto;padding:32px 20px 64px;}\n    header{padding:24px 20px;border-bottom:1px solid #ddd;}\n    h1{margin:0;font-size:1.9rem}\n    .meta{color:#666;font-size:.95rem;margin-top:6px}\n    nav{margin:20px 0 28px}\n    nav a{display:inline-block;margin:.25rem .6rem .25rem 0;text-decoration:none;color:#0a7;border:1px solid #0a7;padding:.25rem .6rem;border-radius:999px;font-size:.92rem}\n    section{margin:28px 0}\n    h2{font-size:1.35rem;margin:0 0 10px}\n    h3{font-size:1.05rem;margin:18px 0 6px}\n    ul{padding-left:1.2rem}\n    code,pre{background:rgba(127,127,127,.1);padding:.1rem .35rem;border-radius:6px}\n    .card{border:1px solid rgba(127,127,127,.25);border-radius:14px;padding:18px;margin:14px 0}\n    footer{border-top:1px solid #ddd;margin-top:36px;padding:18px 20px;color:#666;font-size:.95rem}\n    address{font-style:normal}\n  <\/style>\n<\/head>\n<body>\n  <header>\n    <main>\n\n      <div class=\"card\">\n        <strong>Nazwa marki:<\/strong> Total casino<br \/>\n        <strong>Email:<\/strong> <a href=\"mailto:support@plcasinototal.com\">support@plcasinototal.com<\/a><br \/>\n        <strong>Strona internetowa:<\/strong> <a href=\"https:\/\/plcasinototal.com\" rel=\"noopener\">plcasinototal.com<\/a><br \/>\n        <strong>Adres:<\/strong> <address>Zygmunta S\u0142omi\u0144skiego 4, 05-077 Warszawa, Polska<\/address>\n      <\/div>\n    <\/main>\n  <\/header>\n\n  <main>\n    <section>\n      <h2>1. Zaanga\u017cowanie w gr\u0119 odpowiedzialn\u0105<\/h2>\n      <p>\n        <a href=\"https:\/\/plcasinototal.com\/\">Total casino PL<\/a> d\u0105\u017cy do zapewnienia bezpiecznego, uczciwego i odpowiedzialnego \u015brodowiska gry. Naszym celem jest, aby gra pozostawa\u0142a form\u0105 rozrywki i nie powodowa\u0142a problem\u00f3w finansowych ani psychicznych u graczy.\n      <\/p>\n    <\/section>\n\n    <section>\n      <h2>2. Ochrona nieletnich<\/h2>\n      <p>\n        Udzia\u0142 w grach hazardowych jest dozwolony wy\u0142\u0105cznie osobom pe\u0142noletnim \u2013 w Polsce oznacza to osoby, kt\u00f3re uko\u0144czy\u0142y 18. rok \u017cycia. Total casino stosuje rygorystyczne procedury weryfikacji to\u017csamo\u015bci (KYC), aby zapobiec uczestnictwu nieletnich w grach.\n      <\/p>\n    <\/section>\n\n    <section>\n      <h2>3. Narz\u0119dzia do gry odpowiedzialnej<\/h2>\n      <p>Gracze maj\u0105 dost\u0119p do szeregu narz\u0119dzi wspieraj\u0105cych kontrol\u0119 i \u015bwiadome uczestnictwo w grze:<\/p>\n      <ul>\n        <li>Ustalanie limit\u00f3w depozyt\u00f3w (dziennych, tygodniowych lub miesi\u0119cznych).<\/li>\n        <li>Ograniczenia dotycz\u0105ce przegranych i czasu gry.<\/li>\n        <li>Tymczasowe wy\u0142\u0105czenie konta lub trwa\u0142a samoizolacja (samowyluczenie).<\/li>\n        <li>Przypomnienia o trwaj\u0105cych sesjach gry.<\/li>\n        <li>Mo\u017cliwo\u015b\u0107 ograniczenia dost\u0119pu do wybranych gier.<\/li>\n      <\/ul>\n    <\/section>\n\n    <section>\n      <h2>4. Rozpoznawanie problem\u00f3w z hazardem<\/h2>\n      <p>Total casino zach\u0119ca graczy do monitorowania w\u0142asnego zachowania oraz rozpoznawania potencjalnych objaw\u00f3w uzale\u017cnienia, takich jak:<\/p>\n      <ul>\n        <li>Zaniedbywanie obowi\u0105zk\u00f3w osobistych lub zawodowych z powodu hazardu.<\/li>\n        <li>Pr\u00f3by odzyskania strat poprzez kolejne stawki.<\/li>\n        <li>Poczucie l\u0119ku lub winy po grze.<\/li>\n        <li>Po\u017cyczanie pieni\u0119dzy w celu finansowania gry.<\/li>\n      <\/ul>\n      <p>\n        W przypadku wyst\u0119powania kt\u00f3regokolwiek z tych objaw\u00f3w, zdecydowanie zalecamy natychmiastowe skorzystanie z pomocy specjalistycznych organizacji wsparcia.\n      <\/p>\n    <\/section>\n\n    <section>\n      <h2>5. Organizacje wsparcia<\/h2>\n      <p>Total casino wsp\u00f3\u0142pracuje z renomowanymi organizacjami oferuj\u0105cymi anonimow\u0105 pomoc osobom zmagaj\u0105cym si\u0119 z uzale\u017cnieniem od hazardu:<\/p>\n      <ul>\n        <li><strong>Begambleaware:<\/strong> <a href=\"https:\/\/www.begambleaware.org\" target=\"_blank\" rel=\"noopener\">www.begambleaware.org<\/a><\/li>\n        <li><strong>GamCare:<\/strong> <a href=\"https:\/\/www.gamcare.org.uk\" target=\"_blank\" rel=\"noopener\">www.gamcare.org.uk<\/a><\/li>\n        <li><strong>Anonimowi Hazardzi\u015bci:<\/strong> <a href=\"https:\/\/www.gamblersanonymous.org\" target=\"_blank\" rel=\"noopener\">www.gamblersanonymous.org<\/a><\/li>\n      <\/ul>\n    <\/section>\n\n    <section>\n      <h2>6. Odpowiedzialno\u015b\u0107 gracza<\/h2>\n      <p>\n        Gra powinna by\u0107 traktowana wy\u0142\u0105cznie jako forma rozrywki, a nie spos\u00f3b na zarobek. Gracze powinni gra\u0107 wy\u0142\u0105cznie w granicach swoich mo\u017cliwo\u015bci finansowych i unika\u0107 stawek, kt\u00f3rych przegranie mog\u0142oby zagrozi\u0107 ich stabilno\u015bci ekonomicznej.\n      <\/p>\n    <\/section>\n\n    <section>\n      <h2>7. Szkolenia i podnoszenie \u015bwiadomo\u015bci personelu<\/h2>\n      <p>\n        Pracownicy Total casino regularnie uczestnicz\u0105 w szkoleniach z zakresu rozpoznawania objaw\u00f3w problemowego hazardu oraz udzielania wsparcia graczom. Personel jest stale aktualizowany w zakresie najlepszych praktyk zapobiegania uzale\u017cnieniom.\n      <\/p>\n    <\/section>\n\n    <section>\n      <h2>8. Samoocena<\/h2>\n      <p>\n        Gracze mog\u0105 korzysta\u0107 z narz\u0119dzi do samooceny udost\u0119pnianych przez Total casino, aby oceni\u0107 swoje zachowanie podczas gry i wczesnie zidentyfikowa\u0107 oznaki utraty kontroli lub uzale\u017cnienia.\n      <\/p>\n    <\/section>\n\n    <section>\n      <h2>9. Kontakt<\/h2>\n      <p>\n        W sprawach dotycz\u0105cych Polityki Gry Odpowiedzialnej prosimy o kontakt:\n      <\/p>\n      <ul>\n        <li><strong>Email:<\/strong> <a href=\"mailto:support@plcasinototal.com\">support@plcasinototal.com<\/a><\/li>\n        <li><strong>Adres:<\/strong> Zygmunta S\u0142omi\u0144skiego 4, 05-077 Warszawa, Polska<\/li>\n      <\/ul>\n      <p class=\"muted\">\n        <em>Total casino regularnie aktualizuje swoj\u0105 polityk\u0119 gry odpowiedzialnej, aby zapewni\u0107 zgodno\u015b\u0107 z przepisami prawa oraz wzmocni\u0107 zaanga\u017cowanie w tworzenie bezpiecznego i uczciwego \u015brodowiska gry.<\/em>\n      <\/p>\n    <\/section>\n  <\/main>\n<\/body>\n<\/html>\n","protected":false},"excerpt":{"rendered":"<p>Gra Odpowiedzialna | Total casino Nazwa marki: Total casino Email: support@plcasinototal.com Strona internetowa: plcasinototal.com Adres: Zygmunta S\u0142omi\u0144skiego 4, 05-077 Warszawa, Polska 1. Zaanga\u017cowanie w gr\u0119 odpowiedzialn\u0105 Total casino PL d\u0105\u017cy do zapewnienia bezpiecznego, uczciwego i odpowiedzialnego \u015brodowiska gry. Naszym celem jest, aby gra pozostawa\u0142a form\u0105 rozrywki i nie powodowa\u0142a problem\u00f3w finansowych ani psychicznych u graczy. [&hellip;]<\/p>\n","protected":false},"author":1,"featured_media":0,"parent":0,"menu_order":0,"comment_status":"closed","ping_status":"closed","template":"page-no-sidebar.php","meta":{"footnotes":""},"class_list":["post-499","page","type-page","status-publish","hentry"],"yoast_head":"<!-- This site is optimized with the Yoast SEO plugin v23.9 - https:\/\/yoast.com\/wordpress\/plugins\/seo\/ -->\n<title>Gra Odpowiedzialna - TOTAL Casino<\/title>\n<meta name=\"robots\" content=\"index, follow, max-snippet:-1, max-image-preview:large, max-video-preview:-1\" \/>\n<link rel=\"canonical\" href=\"https:\/\/plcasinototal.com\/pl\/gra-odpowiedzialna\/\" \/>\n<meta property=\"og:locale\" content=\"pl_PL\" \/>\n<meta property=\"og:type\" content=\"article\" \/>\n<meta property=\"og:title\" content=\"Gra Odpowiedzialna - TOTAL Casino\" \/>\n<meta property=\"og:description\" content=\"Gra Odpowiedzialna | Total casino Nazwa marki: Total casino Email: support@plcasinototal.com Strona internetowa: plcasinototal.com Adres: Zygmunta S\u0142omi\u0144skiego 4, 05-077 Warszawa, Polska 1. Zaanga\u017cowanie w gr\u0119 odpowiedzialn\u0105 Total casino PL d\u0105\u017cy do zapewnienia bezpiecznego, uczciwego i odpowiedzialnego \u015brodowiska gry. Naszym celem jest, aby gra pozostawa\u0142a form\u0105 rozrywki i nie powodowa\u0142a problem\u00f3w finansowych ani psychicznych u graczy. [&hellip;]\" \/>\n<meta property=\"og:url\" content=\"https:\/\/plcasinototal.com\/pl\/gra-odpowiedzialna\/\" \/>\n<meta property=\"og:site_name\" content=\"TOTAL Casino\" \/>\n<meta property=\"article:modified_time\" content=\"2025-11-27T11:08:59+00:00\" \/>\n<meta name=\"twitter:card\" content=\"summary_large_image\" \/>\n<meta name=\"twitter:label1\" content=\"Szacowany czas czytania\" \/>\n\t<meta name=\"twitter:data1\" content=\"3 minuty\" \/>\n<script type=\"application\/ld+json\" class=\"yoast-schema-graph\">{\"@context\":\"https:\/\/schema.org\",\"@graph\":[{\"@type\":\"WebPage\",\"@id\":\"https:\/\/plcasinototal.com\/pl\/gra-odpowiedzialna\/\",\"url\":\"https:\/\/plcasinototal.com\/pl\/gra-odpowiedzialna\/\",\"name\":\"Gra Odpowiedzialna - TOTAL Casino\",\"isPartOf\":{\"@id\":\"https:\/\/plcasinototal.com\/pl\/#website\"},\"datePublished\":\"2025-09-20T12:36:19+00:00\",\"dateModified\":\"2025-11-27T11:08:59+00:00\",\"breadcrumb\":{\"@id\":\"https:\/\/plcasinototal.com\/pl\/gra-odpowiedzialna\/#breadcrumb\"},\"inLanguage\":\"pl-PL\",\"potentialAction\":[{\"@type\":\"ReadAction\",\"target\":[\"https:\/\/plcasinototal.com\/pl\/gra-odpowiedzialna\/\"]}]},{\"@type\":\"BreadcrumbList\",\"@id\":\"https:\/\/plcasinototal.com\/pl\/gra-odpowiedzialna\/#breadcrumb\",\"itemListElement\":[{\"@type\":\"ListItem\",\"position\":1,\"name\":\"Home\",\"item\":\"https:\/\/plcasinototal.com\/pl\/\"},{\"@type\":\"ListItem\",\"position\":2,\"name\":\"Gra Odpowiedzialna\"}]},{\"@type\":\"WebSite\",\"@id\":\"https:\/\/plcasinototal.com\/pl\/#website\",\"url\":\"https:\/\/plcasinototal.com\/pl\/\",\"name\":\"TOTAL Casino\",\"description\":\"\",\"publisher\":{\"@id\":\"https:\/\/plcasinototal.com\/pl\/#organization\"},\"potentialAction\":[{\"@type\":\"SearchAction\",\"target\":{\"@type\":\"EntryPoint\",\"urlTemplate\":\"https:\/\/plcasinototal.com\/pl\/?s={search_term_string}\"},\"query-input\":{\"@type\":\"PropertyValueSpecification\",\"valueRequired\":true,\"valueName\":\"search_term_string\"}}],\"inLanguage\":\"pl-PL\"},{\"@type\":\"Organization\",\"@id\":\"https:\/\/plcasinototal.com\/pl\/#organization\",\"name\":\"TOTAL Casino\",\"url\":\"https:\/\/plcasinototal.com\/pl\/\",\"logo\":{\"@type\":\"ImageObject\",\"inLanguage\":\"pl-PL\",\"@id\":\"https:\/\/plcasinototal.com\/pl\/#\/schema\/logo\/image\/\",\"url\":\"https:\/\/plcasinototal.com\/pl\/wp-content\/uploads\/2022\/11\/cropped-BCO.9f392c50-a434-49de-aa79-ac403d116731.webp\",\"contentUrl\":\"https:\/\/plcasinototal.com\/pl\/wp-content\/uploads\/2022\/11\/cropped-BCO.9f392c50-a434-49de-aa79-ac403d116731.webp\",\"width\":1024,\"height\":597,\"caption\":\"TOTAL Casino\"},\"image\":{\"@id\":\"https:\/\/plcasinototal.com\/pl\/#\/schema\/logo\/image\/\"}}]}<\/script>\n<!-- \/ Yoast SEO plugin. -->","yoast_head_json":{"title":"Gra Odpowiedzialna - TOTAL Casino","robots":{"index":"index","follow":"follow","max-snippet":"max-snippet:-1","max-image-preview":"max-image-preview:large","max-video-preview":"max-video-preview:-1"},"canonical":"https:\/\/plcasinototal.com\/pl\/gra-odpowiedzialna\/","og_locale":"pl_PL","og_type":"article","og_title":"Gra Odpowiedzialna - TOTAL Casino","og_description":"Gra Odpowiedzialna | Total casino Nazwa marki: Total casino Email: support@plcasinototal.com Strona internetowa: plcasinototal.com Adres: Zygmunta S\u0142omi\u0144skiego 4, 05-077 Warszawa, Polska 1. Zaanga\u017cowanie w gr\u0119 odpowiedzialn\u0105 Total casino PL d\u0105\u017cy do zapewnienia bezpiecznego, uczciwego i odpowiedzialnego \u015brodowiska gry. Naszym celem jest, aby gra pozostawa\u0142a form\u0105 rozrywki i nie powodowa\u0142a problem\u00f3w finansowych ani psychicznych u graczy. [&hellip;]","og_url":"https:\/\/plcasinototal.com\/pl\/gra-odpowiedzialna\/","og_site_name":"TOTAL Casino","article_modified_time":"2025-11-27T11:08:59+00:00","twitter_card":"summary_large_image","twitter_misc":{"Szacowany czas czytania":"3 minuty"},"schema":{"@context":"https:\/\/schema.org","@graph":[{"@type":"WebPage","@id":"https:\/\/plcasinototal.com\/pl\/gra-odpowiedzialna\/","url":"https:\/\/plcasinototal.com\/pl\/gra-odpowiedzialna\/","name":"Gra Odpowiedzialna - TOTAL Casino","isPartOf":{"@id":"https:\/\/plcasinototal.com\/pl\/#website"},"datePublished":"2025-09-20T12:36:19+00:00","dateModified":"2025-11-27T11:08:59+00:00","breadcrumb":{"@id":"https:\/\/plcasinototal.com\/pl\/gra-odpowiedzialna\/#breadcrumb"},"inLanguage":"pl-PL","potentialAction":[{"@type":"ReadAction","target":["https:\/\/plcasinototal.com\/pl\/gra-odpowiedzialna\/"]}]},{"@type":"BreadcrumbList","@id":"https:\/\/plcasinototal.com\/pl\/gra-odpowiedzialna\/#breadcrumb","itemListElement":[{"@type":"ListItem","position":1,"name":"Home","item":"https:\/\/plcasinototal.com\/pl\/"},{"@type":"ListItem","position":2,"name":"Gra Odpowiedzialna"}]},{"@type":"WebSite","@id":"https:\/\/plcasinototal.com\/pl\/#website","url":"https:\/\/plcasinototal.com\/pl\/","name":"TOTAL Casino","description":"","publisher":{"@id":"https:\/\/plcasinototal.com\/pl\/#organization"},"potentialAction":[{"@type":"SearchAction","target":{"@type":"EntryPoint","urlTemplate":"https:\/\/plcasinototal.com\/pl\/?s={search_term_string}"},"query-input":{"@type":"PropertyValueSpecification","valueRequired":true,"valueName":"search_term_string"}}],"inLanguage":"pl-PL"},{"@type":"Organization","@id":"https:\/\/plcasinototal.com\/pl\/#organization","name":"TOTAL Casino","url":"https:\/\/plcasinototal.com\/pl\/","logo":{"@type":"ImageObject","inLanguage":"pl-PL","@id":"https:\/\/plcasinototal.com\/pl\/#\/schema\/logo\/image\/","url":"https:\/\/plcasinototal.com\/pl\/wp-content\/uploads\/2022\/11\/cropped-BCO.9f392c50-a434-49de-aa79-ac403d116731.webp","contentUrl":"https:\/\/plcasinototal.com\/pl\/wp-content\/uploads\/2022\/11\/cropped-BCO.9f392c50-a434-49de-aa79-ac403d116731.webp","width":1024,"height":597,"caption":"TOTAL Casino"},"image":{"@id":"https:\/\/plcasinototal.com\/pl\/#\/schema\/logo\/image\/"}}]}},"_links":{"self":[{"href":"https:\/\/plcasinototal.com\/pl\/wp-json\/wp\/v2\/pages\/499","targetHints":{"allow":["GET"]}}],"collection":[{"href":"https:\/\/plcasinototal.com\/pl\/wp-json\/wp\/v2\/pages"}],"about":[{"href":"https:\/\/plcasinototal.com\/pl\/wp-json\/wp\/v2\/types\/page"}],"author":[{"embeddable":true,"href":"https:\/\/plcasinototal.com\/pl\/wp-json\/wp\/v2\/users\/1"}],"replies":[{"embeddable":true,"href":"https:\/\/plcasinototal.com\/pl\/wp-json\/wp\/v2\/comments?post=499"}],"version-history":[{"count":6,"href":"https:\/\/plcasinototal.com\/pl\/wp-json\/wp\/v2\/pages\/499\/revisions"}],"predecessor-version":[{"id":676,"href":"https:\/\/plcasinototal.com\/pl\/wp-json\/wp\/v2\/pages\/499\/revisions\/676"}],"wp:attachment":[{"href":"https:\/\/plcasinototal.com\/pl\/wp-json\/wp\/v2\/media?parent=499"}],"curies":[{"name":"wp","href":"https:\/\/api.w.org\/{rel}","templated":true}]}}